{"id":6445,"date":"2024-04-26T04:31:15","date_gmt":"2024-04-25T21:31:15","guid":{"rendered":"https:\/\/perkinelmervietnam.vn\/pfas\/"},"modified":"2024-07-22T10:48:46","modified_gmt":"2024-07-22T03:48:46","slug":"pfas","status":"publish","type":"page","link":"https:\/\/perkinelmervietnam.vn\/en\/environmental-analysis\/contaminants-of-emerging-concern\/pfas\/","title":{"rendered":"PFAS"},"content":{"rendered":"\t<section class=\"section hti-hdcrum-inc container\" id=\"section_742393223\">\n\t\t<div class=\"bg section-bg fill bg-fill  bg-loaded\" >\n\n\t\t\t\n\t\t\t\n\t\t\t\n\n\t\t<\/div>\n\n\t\t\n\n\t\t<div class=\"section-content relative\">\n\t\t\t\n<div class=\"row\"  id=\"row-197600011\">\n\n\t<div id=\"col-186128764\" class=\"col small-12 large-12\"  >\n\t\t\t\t<div class=\"col-inner\"  >\n\t\t\t\n\t\t\t\n\t<div id=\"text-1420434109\" class=\"text hti-bruhead-inc\">\n\t\t<ul id=\"hti-cusbreadcrumbs\" class=\"hti-cusbreadcrumbs\"><li class=\"item-home\"><a class=\"bread-link bread-home\" href=\"https:\/\/perkinelmervietnam.vn\/en\/\" title=\"Trang ch\u1ee7\">Trang ch\u1ee7<\/a><\/li><li class=\"separator separator-home\">  <i class=\"icon-angle-right\"><\/i>  <\/li><li class=\"item-home\"><a class=\"bread-link bread-home\" href=\"#\">Gi\u1ea3i ph\u00e1p & \u1ee8ng d\u1ee5ng<\/a><\/li><li class=\"separator separator-home\">  <i class=\"icon-angle-right\"><\/i>  <\/li><\/ul>\n\n\t\t\t<\/div>\n\t\n\t\t<\/div>\n\t\t\t\t\t<\/div>\n\n\t\n<\/div>\n\t\t<\/div>\n\n\t\t\n<style>\n#section_742393223 {\n  padding-top: 30px;\n  padding-bottom: 30px;\n}\n#section_742393223 .ux-shape-divider--top svg {\n  height: 150px;\n  --divider-top-width: 100%;\n}\n#section_742393223 .ux-shape-divider--bottom svg {\n  height: 150px;\n  --divider-width: 100%;\n}\n<\/style>\n\t<\/section>\n\t\n\t<div class=\"img has-hover hti-bnt-udgp x md-x lg-x y md-y lg-y\" id=\"image_406053921\">\n\t\t\t\t\t\t\t\t<div class=\"img-inner dark\" >\n\t\t\t<img decoding=\"async\" src=\"https:\/\/perkinelmervietnam.vn\/wp-content\/uploads\/2024\/06\/PFAS.jpg?wsr\" class=\"attachment-original size-original\" alt=\"\" \/>\t\t\t\t\t\t\n\t\t\t\t\t<\/div>\n\t\t\t\t\t\t\t\t\n<style>\n#image_406053921 {\n  width: 100%;\n}\n<\/style>\n\t<\/div>\n\t\n\t<section class=\"section\" id=\"section_421020941\">\n\t\t<div class=\"bg section-bg fill bg-fill  bg-loaded\" >\n\n\t\t\t\n\t\t\t\n\t\t\t\n\n\t\t<\/div>\n\n\t\t\n\n\t\t<div class=\"section-content relative\">\n\t\t\t\n<div class=\"row align-center\"  id=\"row-549124653\">\n\n\t<div id=\"col-1416899077\" class=\"col medium-10 small-12 large-10\"  >\n\t\t\t\t<div class=\"col-inner\"  >\n\t\t\t\n\t\t\t\n<div class=\"row\"  id=\"row-593600488\">\n\n\t<div id=\"col-924767045\" class=\"col medium-4 small-12 large-4\"  >\n\t\t\t\t<div class=\"col-inner\"  >\n\t\t\t\n\t\t\t\n\n  <div class=\"banner has-hover hti-gpud-inc hti-gpude-inc\" id=\"banner-1923891285\">\n          <div class=\"banner-inner fill\">\n        <div class=\"banner-bg fill\" >\n            <div class=\"bg fill bg-fill \"><\/div>\n                                    \n                    <\/div>\n\t\t\n        <div class=\"banner-layers container\">\n            <div class=\"fill banner-link\"><\/div>            \n   <div id=\"text-box-854688604\" class=\"text-box banner-layer x50 md-x50 lg-x50 y50 md-y50 lg-y50 res-text\">\n                                <div class=\"text-box-content text dark\">\n              \n              <div class=\"text-inner text-center\">\n                  \n              <\/div>\n           <\/div>\n                            \n<style>\n#text-box-854688604 {\n  width: 95%;\n}\n#text-box-854688604 .text-box-content {\n  font-size: 100%;\n}\n<\/style>\n    <\/div>\n \n        <\/div>\n      <\/div>\n\n            \n<style>\n#banner-1923891285 {\n  padding-top: 99.99%;\n}\n#banner-1923891285 .bg.bg-loaded {\n  background-image: url(https:\/\/perkinelmervietnam.vn\/wp-content\/uploads\/2024\/07\/pfas-01.jpg?wsr);\n}\n#banner-1923891285 .ux-shape-divider--top svg {\n  height: 150px;\n  --divider-top-width: 100%;\n}\n#banner-1923891285 .ux-shape-divider--bottom svg {\n  height: 150px;\n  --divider-width: 100%;\n}\n<\/style>\n  <\/div>\n\n\n\t\t<\/div>\n\t\t\t\t\t<\/div>\n\n\t\n\n\t<div id=\"col-860485108\" class=\"col medium-8 small-12 large-8\"  >\n\t\t\t\t<div class=\"col-inner\"  >\n\t\t\t\n\t\t\t\n<h3>PFAS<\/h3>\n<p style=\"text-align: justify;\"><span data-sheets-root=\"1\">Per- and Polyfluoroalkyl substances (PFAS) are a group of industrial chemicals that include such compounds as PFOA and PFOS, among many others. Their fluorine-carbon bonds are extremely stable, making them highly resistant to environmental degradation and earning them the nickname \u2018forever chemicals\u2019 due to their longevity. Their fluorine-carbon bonds are extremely stable, making them highly resistant to environmental degradation and earning them the nickname \u2018forever chemicals\u2019 due to their longevity. As the demand for stringent PFAS testing increases, laboratories conducting PFAS research must examine matrices such as drinking water, food packaging, food stuffs, soil, blood, and tissue samples. Our wide portfolio of PFAS analysis solutions provide testing labs with the support they need for implementing and optimizing workflows, including robust performance with complex matrices, reducing matrix-induced contamination, and increasing uptime. <\/p>\n<p>Danh m\u1ee5c gi\u1ea3i ph\u00e1p \u0111a d\u1ea1ng c\u1ee7a PerkinElmer h\u1ed7 tr\u1ee3 c\u00e1c c\u00f4ng t\u00e1c vi\u00ean trong nghi\u00ean c\u1ee9u quan tr\u1ecdng n\u00e0y. Ch\u00fang t\u00f4i cung c\u1ea5p c\u00e1c gi\u1ea3i ph\u00e1p hi\u1ec7u qu\u1ea3 \u0111\u1ec3 t\u1ed1i \u01b0u h\u00f3a quy tr\u00ecnh l\u00e0m vi\u1ec7c trong ph\u00f2ng th\u00ed nghi\u1ec7m \u0111\u1ed3ng th\u1eddi t\u1ea1o ra nh\u1eefng ph\u00e2n t\u00edch nh\u1ea1y v\u00e0 m\u1ea1nh m\u1ebd.<\/span><\/p>\n<a href=\"\/lien-he\" target=\"_self\" class=\"button white is-outline lowercase bth-btheader\"  >\n    <span>Contact us<\/span>\n  <\/a>\n\n\t\t<\/div>\n\t\t\t\t\n<style>\n#col-860485108 > .col-inner {\n  padding: 0px 0px 0px 0px;\n}\n@media (min-width:550px) {\n  #col-860485108 > .col-inner {\n    padding: 0px 0px 0px 50px;\n  }\n}\n<\/style>\n\t<\/div>\n\n\t\n<\/div>\n\t\t<\/div>\n\t\t\t\t\t<\/div>\n\n\t\n<\/div>\n\t\t<\/div>\n\n\t\t\n<style>\n#section_421020941 {\n  padding-top: 30px;\n  padding-bottom: 30px;\n}\n#section_421020941 .ux-shape-divider--top svg {\n  height: 150px;\n  --divider-top-width: 100%;\n}\n#section_421020941 .ux-shape-divider--bottom svg {\n  height: 150px;\n  --divider-width: 100%;\n}\n<\/style>\n\t<\/section>\n\t\n\t<section class=\"section container\" id=\"section_1338081823\">\n\t\t<div class=\"bg section-bg fill bg-fill  bg-loaded\" >\n\n\t\t\t\n\t\t\t\n\t\t\t\n\n\t\t<\/div>\n\n\t\t\n\n\t\t<div class=\"section-content relative\">\n\t\t\t\n<div class=\"row align-center\"  id=\"row-1821022298\">\n\n\t<div id=\"col-477862825\" class=\"col small-12 large-12\"  >\n\t\t\t\t<div class=\"col-inner text-center\"  >\n\t\t\t\n\t\t\t\n\t<div id=\"text-2300850119\" class=\"text\">\n\t\t\n<h4 class=\"uppercase\">EXPLORE OUR RESOURCES AND ANALYTICAL SOLUTIONS<\/h4>\n\t\t\n<style>\n#text-2300850119 {\n  text-align: center;\n}\n<\/style>\n\t<\/div>\n\t\n\n\t\t<div class=\"tabbed-content hti-protabs-inc hti-prhm-inc\">\n\t\t\t\n\t\t\t<ul class=\"nav nav-simple nav-normal nav-size-normal nav-center\"><li class=\"tab active has-icon\"><a href=\"#tab_featured-resources\"><span>Featured Resources<\/span><\/a><\/li>\n<li class=\"tab has-icon\"><a href=\"#tab_featured-products\"><span>Featured Products<\/span><\/a><\/li><\/ul><div class=\"tab-panels\"><div class=\"panel active entry-content\" id=\"tab_featured-resources\">\n\n  \n    <div class=\"row hti-ptbnt-inc large-columns-4 medium-columns-1 small-columns-1\">\n  <div class=\"col post-item\" >\n\t\t\t<div class=\"col-inner\">\n\t\t\t<a href=\"https:\/\/perkinelmervietnam.vn\/en\/2024\/07\/pfas-analysis-brochure\/\" class=\"plain\">\n\t\t\t\t<div class=\"box box-normal box-text-bottom box-blog-post has-hover\">\n            \t\t\t\t\t<div class=\"box-image\" >\n  \t\t\t\t\t\t<div class=\"image-cover\" style=\"padding-top:56.25%;\">\n  \t\t\t\t\t\t\t<img decoding=\"async\" src=\"https:\/\/perkinelmervietnam.vn\/wp-content\/uploads\/2024\/07\/pfas.jpg?wsr\" class=\"attachment-medium size-medium wp-post-image\" alt=\"\" \/>  \t\t\t\t\t\t\t  \t\t\t\t\t\t\t  \t\t\t\t\t\t<\/div>\n  \t\t\t\t\t\t  \t\t\t\t\t<\/div>\n          \t\t\t\t\t<div class=\"box-text text-left\" >\n\t\t\t\t\t<div class=\"box-text-inner blog-post-inner\">\n\n\t\t\t\t\t\n\t\t\t\t\t\t\t\t\t\t\t\t\t\t\t<h5 class=\"post-title is-large \">PFAS Analysis Brochure<\/h5>\n\t\t\t\t\t<div class=\"is-divider\"><\/div>\n\t\t\t\t\t\t\t\t\t\t<p class=\"from_the_blog_excerpt \">Introduction PerkinElmer offers a portfolio of high-performance solutions to optimize your laboratory workflow for PFAS...\t\t\t\t\t<\/p>\n\t\t\t\t\t                    \n\t\t\t\t\t\t\t\t\t\t\t<button href=\"https:\/\/perkinelmervietnam.vn\/en\/2024\/07\/pfas-analysis-brochure\/\" class=\"button  is-outline is-small mb-0\">\n\t\t\t\t\t\t\tT\u00ecm hi\u1ec3u th\u00eam\t\t\t\t\t\t<\/button>\n\t\t\t\t\t\n\t\t\t\t\t\n\t\t\t\t\t<\/div>\n\t\t\t\t\t<\/div>\n\t\t\t\t\t\t\t\t\t<\/div>\n\t\t\t\t<\/a>\n\t\t\t<\/div>\n\t\t<\/div><\/div>\n\t<div id=\"text-2509633793\" class=\"text\">\n\t\t\n<p class=\"hti-dwrm\"><span style=\"color: #0d99ff;\">Collapse<\/span><\/p>\n\t\t\n<style>\n#text-2509633793 {\n  text-align: center;\n}\n<\/style>\n\t<\/div>\n\t\n<\/div>\n<div class=\"panel entry-content\" id=\"tab_featured-products\">\n\n  \n    <div class=\"row hti-prdtabs2-inc large-columns-4 medium-columns-3 small-columns-2 row-small\">\n  \t<\/div>\n\t<div id=\"text-1841440827\" class=\"text\">\n\t\t\n<p class=\"hti-dwrm\"><span style=\"color: #0d99ff;\">Collapse<\/span><\/p>\n\t\t\n<style>\n#text-1841440827 {\n  text-align: center;\n}\n<\/style>\n\t<\/div>\n\t\n<\/div><\/div><\/div>\n\t\t<\/div>\n\t\t\t\t\t<\/div>\n\n\t\n<\/div>\n\t\t<\/div>\n\n\t\t\n<style>\n#section_1338081823 {\n  padding-top: 30px;\n  padding-bottom: 30px;\n}\n#section_1338081823 .ux-shape-divider--top svg {\n  height: 150px;\n  --divider-top-width: 100%;\n}\n#section_1338081823 .ux-shape-divider--bottom svg {\n  height: 150px;\n  --divider-width: 100%;\n}\n<\/style>\n\t<\/section>\n\t\n\n  <div class=\"banner has-hover\" id=\"banner-63290219\">\n          <div class=\"banner-inner fill\">\n        <div class=\"banner-bg fill\" >\n            <div class=\"bg fill bg-fill \"><\/div>\n                                    \n                    <\/div>\n\t\t\n        <div class=\"banner-layers container\">\n            <div class=\"fill banner-link\"><\/div>            \n   <div id=\"text-box-1588416482\" class=\"text-box banner-layer hti__pls x15 md-x15 lg-x15 y50 md-y50 lg-y50 res-text\">\n                                <div class=\"text-box-content text \">\n              \n              <div class=\"text-inner text-left\">\n                  \n\t<div id=\"text-3525675903\" class=\"text\">\n\t\t\n<h2 class=\"hti-ttbnt-inc\"><span style=\"color: #15d8b5;\"><strong>Need expert advice<\/strong><\/span><\/h2>\n<p>Please contact us so we can help you.<br \/>\n\t\t\n<style>\n#text-3525675903 {\n  color: rgb(255,255,255);\n}\n#text-3525675903 > * {\n  color: rgb(255,255,255);\n}\n<\/style>\n\t<\/div>\n\t\n<a href=\"\/lien-he\/\" target=\"_self\" class=\"button primary is-outline lowercase bth-btheader hti-bntnt-inc\"  style=\"border-radius:10px;\">\n    <span>Contact us<\/span>\n  <\/a>\n\n              <\/div>\n           <\/div>\n                            \n<style>\n#text-box-1588416482 {\n  width: 60%;\n}\n#text-box-1588416482 .text-box-content {\n  font-size: 100%;\n}\n@media (min-width:550px) {\n  #text-box-1588416482 {\n    width: 82%;\n  }\n}\n<\/style>\n    <\/div>\n \n        <\/div>\n      <\/div>\n\n            \n<style>\n#banner-63290219 {\n  padding-top: 336px;\n  background-color: rgb(14, 118, 188);\n}\n#banner-63290219 .ux-shape-divider--top svg {\n  height: 150px;\n  --divider-top-width: 100%;\n}\n#banner-63290219 .ux-shape-divider--bottom svg {\n  height: 150px;\n  --divider-width: 100%;\n}\n<\/style>\n  <\/div>\n\n\n","protected":false},"excerpt":{"rendered":"","protected":false},"author":1,"featured_media":0,"parent":6448,"menu_order":0,"comment_status":"closed","ping_status":"closed","template":"page-blank.php","meta":{"_acf_changed":false,"inline_featured_image":false,"footnotes":""},"class_list":["post-6445","page","type-page","status-publish","hentry"],"acf":[],"yoast_head":"<!-- This site is optimized with the Yoast SEO plugin v22.7 - https:\/\/yoast.com\/wordpress\/plugins\/seo\/ -->\n<title>PFAS - HTI Scientific<\/title>\n<meta name=\"robots\" content=\"index, follow, max-snippet:-1, max-image-preview:large, max-video-preview:-1\" \/>\n<link rel=\"canonical\" href=\"https:\/\/perkinelmervietnam.vn\/en\/pfas\/\" \/>\n<meta property=\"og:locale\" content=\"en_US\" \/>\n<meta property=\"og:type\" content=\"article\" \/>\n<meta property=\"og:title\" content=\"PFAS - HTI Scientific\" \/>\n<meta property=\"og:url\" content=\"https:\/\/perkinelmervietnam.vn\/en\/pfas\/\" \/>\n<meta property=\"og:site_name\" content=\"HTI Scientific\" \/>\n<meta property=\"article:modified_time\" content=\"2024-07-22T03:48:46+00:00\" \/>\n<meta name=\"twitter:card\" content=\"summary_large_image\" \/>\n<meta name=\"twitter:label1\" content=\"Est. reading time\" \/>\n\t<meta name=\"twitter:data1\" content=\"2 minutes\" \/>\n<script type=\"application\/ld+json\" class=\"yoast-schema-graph\">{\"@context\":\"https:\/\/schema.org\",\"@graph\":[{\"@type\":\"WebPage\",\"@id\":\"https:\/\/perkinelmervietnam.vn\/en\/pfas\/\",\"url\":\"https:\/\/perkinelmervietnam.vn\/en\/pfas\/\",\"name\":\"PFAS - HTI Scientific\",\"isPartOf\":{\"@id\":\"https:\/\/perkinelmervietnam.vn\/#website\"},\"datePublished\":\"2024-04-25T21:31:15+00:00\",\"dateModified\":\"2024-07-22T03:48:46+00:00\",\"breadcrumb\":{\"@id\":\"https:\/\/perkinelmervietnam.vn\/en\/pfas\/#breadcrumb\"},\"inLanguage\":\"en-US\",\"potentialAction\":[{\"@type\":\"ReadAction\",\"target\":[\"https:\/\/perkinelmervietnam.vn\/en\/pfas\/\"]}]},{\"@type\":\"BreadcrumbList\",\"@id\":\"https:\/\/perkinelmervietnam.vn\/en\/pfas\/#breadcrumb\",\"itemListElement\":[{\"@type\":\"ListItem\",\"position\":1,\"name\":\"Trang ch\u1ee7\",\"item\":\"https:\/\/perkinelmervietnam.vn\/en\/\"},{\"@type\":\"ListItem\",\"position\":2,\"name\":\"PFAS\"}]},{\"@type\":\"WebSite\",\"@id\":\"https:\/\/perkinelmervietnam.vn\/#website\",\"url\":\"https:\/\/perkinelmervietnam.vn\/\",\"name\":\"HTI Scientific\",\"description\":\"\",\"publisher\":{\"@id\":\"https:\/\/perkinelmervietnam.vn\/#organization\"},\"potentialAction\":[{\"@type\":\"SearchAction\",\"target\":{\"@type\":\"EntryPoint\",\"urlTemplate\":\"https:\/\/perkinelmervietnam.vn\/?s={search_term_string}\"},\"query-input\":\"required name=search_term_string\"}],\"inLanguage\":\"en-US\"},{\"@type\":\"Organization\",\"@id\":\"https:\/\/perkinelmervietnam.vn\/#organization\",\"name\":\"HTI Scientific\",\"url\":\"https:\/\/perkinelmervietnam.vn\/\",\"logo\":{\"@type\":\"ImageObject\",\"inLanguage\":\"en-US\",\"@id\":\"https:\/\/perkinelmervietnam.vn\/#\/schema\/logo\/image\/\",\"url\":\"https:\/\/perkinelmervietnam.vn\/wp-content\/uploads\/2024\/05\/favicon-logo-HTI-Group-01-1.jpg\",\"contentUrl\":\"https:\/\/perkinelmervietnam.vn\/wp-content\/uploads\/2024\/05\/favicon-logo-HTI-Group-01-1.jpg\",\"width\":648,\"height\":617,\"caption\":\"HTI Scientific\"},\"image\":{\"@id\":\"https:\/\/perkinelmervietnam.vn\/#\/schema\/logo\/image\/\"}}]}<\/script>\n<!-- \/ Yoast SEO plugin. -->","yoast_head_json":{"title":"PFAS - HTI Scientific","robots":{"index":"index","follow":"follow","max-snippet":"max-snippet:-1","max-image-preview":"max-image-preview:large","max-video-preview":"max-video-preview:-1"},"canonical":"https:\/\/perkinelmervietnam.vn\/en\/pfas\/","og_locale":"en_US","og_type":"article","og_title":"PFAS - HTI Scientific","og_url":"https:\/\/perkinelmervietnam.vn\/en\/pfas\/","og_site_name":"HTI Scientific","article_modified_time":"2024-07-22T03:48:46+00:00","twitter_card":"summary_large_image","twitter_misc":{"Est. reading time":"2 minutes"},"schema":{"@context":"https:\/\/schema.org","@graph":[{"@type":"WebPage","@id":"https:\/\/perkinelmervietnam.vn\/en\/pfas\/","url":"https:\/\/perkinelmervietnam.vn\/en\/pfas\/","name":"PFAS - HTI Scientific","isPartOf":{"@id":"https:\/\/perkinelmervietnam.vn\/#website"},"datePublished":"2024-04-25T21:31:15+00:00","dateModified":"2024-07-22T03:48:46+00:00","breadcrumb":{"@id":"https:\/\/perkinelmervietnam.vn\/en\/pfas\/#breadcrumb"},"inLanguage":"en-US","potentialAction":[{"@type":"ReadAction","target":["https:\/\/perkinelmervietnam.vn\/en\/pfas\/"]}]},{"@type":"BreadcrumbList","@id":"https:\/\/perkinelmervietnam.vn\/en\/pfas\/#breadcrumb","itemListElement":[{"@type":"ListItem","position":1,"name":"Trang ch\u1ee7","item":"https:\/\/perkinelmervietnam.vn\/en\/"},{"@type":"ListItem","position":2,"name":"PFAS"}]},{"@type":"WebSite","@id":"https:\/\/perkinelmervietnam.vn\/#website","url":"https:\/\/perkinelmervietnam.vn\/","name":"HTI Scientific","description":"","publisher":{"@id":"https:\/\/perkinelmervietnam.vn\/#organization"},"potentialAction":[{"@type":"SearchAction","target":{"@type":"EntryPoint","urlTemplate":"https:\/\/perkinelmervietnam.vn\/?s={search_term_string}"},"query-input":"required name=search_term_string"}],"inLanguage":"en-US"},{"@type":"Organization","@id":"https:\/\/perkinelmervietnam.vn\/#organization","name":"HTI Scientific","url":"https:\/\/perkinelmervietnam.vn\/","logo":{"@type":"ImageObject","inLanguage":"en-US","@id":"https:\/\/perkinelmervietnam.vn\/#\/schema\/logo\/image\/","url":"https:\/\/perkinelmervietnam.vn\/wp-content\/uploads\/2024\/05\/favicon-logo-HTI-Group-01-1.jpg","contentUrl":"https:\/\/perkinelmervietnam.vn\/wp-content\/uploads\/2024\/05\/favicon-logo-HTI-Group-01-1.jpg","width":648,"height":617,"caption":"HTI Scientific"},"image":{"@id":"https:\/\/perkinelmervietnam.vn\/#\/schema\/logo\/image\/"}}]}},"_links":{"self":[{"href":"https:\/\/perkinelmervietnam.vn\/en\/wp-json\/wp\/v2\/pages\/6445","targetHints":{"allow":["GET"]}}],"collection":[{"href":"https:\/\/perkinelmervietnam.vn\/en\/wp-json\/wp\/v2\/pages"}],"about":[{"href":"https:\/\/perkinelmervietnam.vn\/en\/wp-json\/wp\/v2\/types\/page"}],"author":[{"embeddable":true,"href":"https:\/\/perkinelmervietnam.vn\/en\/wp-json\/wp\/v2\/users\/1"}],"replies":[{"embeddable":true,"href":"https:\/\/perkinelmervietnam.vn\/en\/wp-json\/wp\/v2\/comments?post=6445"}],"version-history":[{"count":1,"href":"https:\/\/perkinelmervietnam.vn\/en\/wp-json\/wp\/v2\/pages\/6445\/revisions"}],"predecessor-version":[{"id":6446,"href":"https:\/\/perkinelmervietnam.vn\/en\/wp-json\/wp\/v2\/pages\/6445\/revisions\/6446"}],"up":[{"embeddable":true,"href":"https:\/\/perkinelmervietnam.vn\/en\/wp-json\/wp\/v2\/pages\/6448"}],"wp:attachment":[{"href":"https:\/\/perkinelmervietnam.vn\/en\/wp-json\/wp\/v2\/media?parent=6445"}],"curies":[{"name":"wp","href":"https:\/\/api.w.org\/{rel}","templated":true}]}}