{"id":7446,"date":"2024-10-01T10:25:24","date_gmt":"2024-10-01T03:25:24","guid":{"rendered":"https:\/\/perkinelmervietnam.vn\/product\/tga-9\/"},"modified":"2025-09-23T05:53:28","modified_gmt":"2025-09-22T22:53:28","slug":"the-pyris-tga-9","status":"publish","type":"product","link":"https:\/\/perkinelmervietnam.vn\/en\/product\/the-pyris-tga-9\/","title":{"rendered":"The Pyris TGA 9"},"content":{"rendered":"<p>The Pyris<sup>\u2122<\/sup>\u00a0TGA 9 is an advanced thermogravimetric analysis system offering precise quantification and characterization of samples across a broad temperature range. Featuring a durable alumina furnace with 25 years of proven reliability and a sensitive balance, the compact system optimizes productivity and value. The 96-well autosampler and responsive touchscreen for direct temperature control simplifies workflows, while providing superior data quality and reduced sensor lag.<\/p>\n<p>&nbsp;<\/p>\n","protected":false},"excerpt":{"rendered":"<p>Ho\u1ea1t \u0111\u1ed9ng \u1edf nhi\u1ec7t \u0111\u1ed9 th\u1ea5p t\u1edbi 15<sup>o<\/sup>C, Pyris TGA 9 cung c\u1ea5p ph\u1ea1m vi nhi\u1ec7t \u0111\u1ed9 v\u1eadn h\u00e0nh r\u1ed9ng \u0111\u1ec3 thu \u0111\u01b0\u1ee3c ho\u00e0n to\u00e0n \u0111\u1ed9 \u1ea9m v\u00e0 s\u1ef1 bay h\u01a1i dung m\u00f4i. The Pyris TGA 9 has a balance capacity of 1500 mg and a temperature range of 15 to 1100 \u00b0C.<\/p>\n","protected":false},"featured_media":7439,"comment_status":"open","ping_status":"closed","template":"","meta":{"_acf_changed":false,"inline_featured_image":false},"product_cat":[478,479],"product_tag":[],"class_list":{"0":"post-7446","1":"product","2":"type-product","3":"status-publish","4":"has-post-thumbnail","6":"product_cat-pyris-tga-9-dsc-9-and-sta-9-en","7":"product_cat-thermal-analysis","9":"first","10":"instock","11":"shipping-taxable","12":"product-type-simple"},"acf":[],"yoast_head":"<!-- This site is optimized with the Yoast SEO plugin v22.7 - https:\/\/yoast.com\/wordpress\/plugins\/seo\/ -->\n<title>The Pyris TGA 9 PerkinElmer - HTI Scientific<\/title>\n<meta name=\"description\" content=\"The Pyris\u2122 TGA 9 is an advanced thermogravimetric analysis system offering precise quantification and characterization of samples across a broad temperature\" \/>\n<meta name=\"robots\" content=\"index, follow, max-snippet:-1, max-image-preview:large, max-video-preview:-1\" \/>\n<link rel=\"canonical\" href=\"https:\/\/perkinelmervietnam.vn\/en\/product\/the-pyris-tga-9\/\" \/>\n<meta property=\"og:locale\" content=\"en_US\" \/>\n<meta property=\"og:type\" content=\"article\" \/>\n<meta property=\"og:title\" content=\"The Pyris TGA 9 PerkinElmer - HTI Scientific\" \/>\n<meta property=\"og:description\" content=\"The Pyris\u2122 TGA 9 is an advanced thermogravimetric analysis system offering precise quantification and characterization of samples across a broad temperature\" \/>\n<meta property=\"og:url\" content=\"https:\/\/perkinelmervietnam.vn\/en\/product\/the-pyris-tga-9\/\" \/>\n<meta property=\"og:site_name\" content=\"HTI Scientific\" \/>\n<meta property=\"article:modified_time\" content=\"2025-09-22T22:53:28+00:00\" \/>\n<meta property=\"og:image\" content=\"https:\/\/perkinelmervietnam.vn\/wp-content\/uploads\/2024\/10\/STA-9.2-1000x1000-01.jpg?wsr\" \/>\n\t<meta property=\"og:image:width\" content=\"1\" \/>\n\t<meta property=\"og:image:height\" content=\"1\" \/>\n\t<meta property=\"og:image:type\" content=\"image\/jpeg\" \/>\n<meta name=\"twitter:card\" content=\"summary_large_image\" \/>\n<meta name=\"twitter:label1\" content=\"Est. reading time\" \/>\n\t<meta name=\"twitter:data1\" content=\"2 minutes\" \/>\n<script type=\"application\/ld+json\" class=\"yoast-schema-graph\">{\"@context\":\"https:\/\/schema.org\",\"@graph\":[{\"@type\":\"WebPage\",\"@id\":\"https:\/\/perkinelmervietnam.vn\/en\/product\/the-pyris-tga-9\/\",\"url\":\"https:\/\/perkinelmervietnam.vn\/en\/product\/the-pyris-tga-9\/\",\"name\":\"The Pyris TGA 9 PerkinElmer - HTI Scientific\",\"isPartOf\":{\"@id\":\"https:\/\/perkinelmervietnam.vn\/#website\"},\"primaryImageOfPage\":{\"@id\":\"https:\/\/perkinelmervietnam.vn\/en\/product\/the-pyris-tga-9\/#primaryimage\"},\"image\":{\"@id\":\"https:\/\/perkinelmervietnam.vn\/en\/product\/the-pyris-tga-9\/#primaryimage\"},\"thumbnailUrl\":\"https:\/\/perkinelmervietnam.vn\/wp-content\/uploads\/2024\/10\/STA-9.2-1000x1000-01.jpg?wsr\",\"datePublished\":\"2024-10-01T03:25:24+00:00\",\"dateModified\":\"2025-09-22T22:53:28+00:00\",\"description\":\"The Pyris\u2122 TGA 9 is an advanced thermogravimetric analysis system offering precise quantification and characterization of samples across a broad temperature\",\"breadcrumb\":{\"@id\":\"https:\/\/perkinelmervietnam.vn\/en\/product\/the-pyris-tga-9\/#breadcrumb\"},\"inLanguage\":\"en-US\",\"potentialAction\":[{\"@type\":\"ReadAction\",\"target\":[\"https:\/\/perkinelmervietnam.vn\/en\/product\/the-pyris-tga-9\/\"]}]},{\"@type\":\"ImageObject\",\"inLanguage\":\"en-US\",\"@id\":\"https:\/\/perkinelmervietnam.vn\/en\/product\/the-pyris-tga-9\/#primaryimage\",\"url\":\"https:\/\/perkinelmervietnam.vn\/wp-content\/uploads\/2024\/10\/STA-9.2-1000x1000-01.jpg?wsr\",\"contentUrl\":\"https:\/\/perkinelmervietnam.vn\/wp-content\/uploads\/2024\/10\/STA-9.2-1000x1000-01.jpg?wsr\",\"caption\":\"M\u00e1y ph\u00e2n t\u00edch nhi\u1ec7t \u0111\u1ed3ng th\u1eddi STA 9\"},{\"@type\":\"BreadcrumbList\",\"@id\":\"https:\/\/perkinelmervietnam.vn\/en\/product\/the-pyris-tga-9\/#breadcrumb\",\"itemListElement\":[{\"@type\":\"ListItem\",\"position\":1,\"name\":\"Trang ch\u1ee7\",\"item\":\"https:\/\/perkinelmervietnam.vn\/en\/\"},{\"@type\":\"ListItem\",\"position\":2,\"name\":\"S\u1ea3n ph\u1ea9m\",\"item\":\"https:\/\/perkinelmervietnam.vn\/san-pham\/\"},{\"@type\":\"ListItem\",\"position\":3,\"name\":\"Pyris TGA 9, DSC 9 and STA 9\",\"item\":\"https:\/\/perkinelmervietnam.vn\/en\/product-category\/pyris-tga-9-dsc-9-and-sta-9-en\/\"},{\"@type\":\"ListItem\",\"position\":4,\"name\":\"The Pyris TGA 9\"}]},{\"@type\":\"WebSite\",\"@id\":\"https:\/\/perkinelmervietnam.vn\/#website\",\"url\":\"https:\/\/perkinelmervietnam.vn\/\",\"name\":\"HTI Scientific\",\"description\":\"\",\"publisher\":{\"@id\":\"https:\/\/perkinelmervietnam.vn\/#organization\"},\"potentialAction\":[{\"@type\":\"SearchAction\",\"target\":{\"@type\":\"EntryPoint\",\"urlTemplate\":\"https:\/\/perkinelmervietnam.vn\/?s={search_term_string}\"},\"query-input\":\"required name=search_term_string\"}],\"inLanguage\":\"en-US\"},{\"@type\":\"Organization\",\"@id\":\"https:\/\/perkinelmervietnam.vn\/#organization\",\"name\":\"HTI Scientific\",\"url\":\"https:\/\/perkinelmervietnam.vn\/\",\"logo\":{\"@type\":\"ImageObject\",\"inLanguage\":\"en-US\",\"@id\":\"https:\/\/perkinelmervietnam.vn\/#\/schema\/logo\/image\/\",\"url\":\"https:\/\/perkinelmervietnam.vn\/wp-content\/uploads\/2024\/05\/favicon-logo-HTI-Group-01-1.jpg\",\"contentUrl\":\"https:\/\/perkinelmervietnam.vn\/wp-content\/uploads\/2024\/05\/favicon-logo-HTI-Group-01-1.jpg\",\"width\":648,\"height\":617,\"caption\":\"HTI Scientific\"},\"image\":{\"@id\":\"https:\/\/perkinelmervietnam.vn\/#\/schema\/logo\/image\/\"}}]}<\/script>\n<!-- \/ Yoast SEO plugin. -->","yoast_head_json":{"title":"The Pyris TGA 9 PerkinElmer - HTI Scientific","description":"The Pyris\u2122 TGA 9 is an advanced thermogravimetric analysis system offering precise quantification and characterization of samples across a broad temperature","robots":{"index":"index","follow":"follow","max-snippet":"max-snippet:-1","max-image-preview":"max-image-preview:large","max-video-preview":"max-video-preview:-1"},"canonical":"https:\/\/perkinelmervietnam.vn\/en\/product\/the-pyris-tga-9\/","og_locale":"en_US","og_type":"article","og_title":"The Pyris TGA 9 PerkinElmer - HTI Scientific","og_description":"The Pyris\u2122 TGA 9 is an advanced thermogravimetric analysis system offering precise quantification and characterization of samples across a broad temperature","og_url":"https:\/\/perkinelmervietnam.vn\/en\/product\/the-pyris-tga-9\/","og_site_name":"HTI Scientific","article_modified_time":"2025-09-22T22:53:28+00:00","og_image":[{"url":"https:\/\/perkinelmervietnam.vn\/wp-content\/uploads\/2024\/10\/STA-9.2-1000x1000-01.jpg?wsr","width":1,"height":1,"type":"image\/jpeg"}],"twitter_card":"summary_large_image","twitter_misc":{"Est. reading time":"2 minutes"},"schema":{"@context":"https:\/\/schema.org","@graph":[{"@type":"WebPage","@id":"https:\/\/perkinelmervietnam.vn\/en\/product\/the-pyris-tga-9\/","url":"https:\/\/perkinelmervietnam.vn\/en\/product\/the-pyris-tga-9\/","name":"The Pyris TGA 9 PerkinElmer - HTI Scientific","isPartOf":{"@id":"https:\/\/perkinelmervietnam.vn\/#website"},"primaryImageOfPage":{"@id":"https:\/\/perkinelmervietnam.vn\/en\/product\/the-pyris-tga-9\/#primaryimage"},"image":{"@id":"https:\/\/perkinelmervietnam.vn\/en\/product\/the-pyris-tga-9\/#primaryimage"},"thumbnailUrl":"https:\/\/perkinelmervietnam.vn\/wp-content\/uploads\/2024\/10\/STA-9.2-1000x1000-01.jpg?wsr","datePublished":"2024-10-01T03:25:24+00:00","dateModified":"2025-09-22T22:53:28+00:00","description":"The Pyris\u2122 TGA 9 is an advanced thermogravimetric analysis system offering precise quantification and characterization of samples across a broad temperature","breadcrumb":{"@id":"https:\/\/perkinelmervietnam.vn\/en\/product\/the-pyris-tga-9\/#breadcrumb"},"inLanguage":"en-US","potentialAction":[{"@type":"ReadAction","target":["https:\/\/perkinelmervietnam.vn\/en\/product\/the-pyris-tga-9\/"]}]},{"@type":"ImageObject","inLanguage":"en-US","@id":"https:\/\/perkinelmervietnam.vn\/en\/product\/the-pyris-tga-9\/#primaryimage","url":"https:\/\/perkinelmervietnam.vn\/wp-content\/uploads\/2024\/10\/STA-9.2-1000x1000-01.jpg?wsr","contentUrl":"https:\/\/perkinelmervietnam.vn\/wp-content\/uploads\/2024\/10\/STA-9.2-1000x1000-01.jpg?wsr","caption":"M\u00e1y ph\u00e2n t\u00edch nhi\u1ec7t \u0111\u1ed3ng th\u1eddi STA 9"},{"@type":"BreadcrumbList","@id":"https:\/\/perkinelmervietnam.vn\/en\/product\/the-pyris-tga-9\/#breadcrumb","itemListElement":[{"@type":"ListItem","position":1,"name":"Trang ch\u1ee7","item":"https:\/\/perkinelmervietnam.vn\/en\/"},{"@type":"ListItem","position":2,"name":"S\u1ea3n ph\u1ea9m","item":"https:\/\/perkinelmervietnam.vn\/san-pham\/"},{"@type":"ListItem","position":3,"name":"Pyris TGA 9, DSC 9 and STA 9","item":"https:\/\/perkinelmervietnam.vn\/en\/product-category\/pyris-tga-9-dsc-9-and-sta-9-en\/"},{"@type":"ListItem","position":4,"name":"The Pyris TGA 9"}]},{"@type":"WebSite","@id":"https:\/\/perkinelmervietnam.vn\/#website","url":"https:\/\/perkinelmervietnam.vn\/","name":"HTI Scientific","description":"","publisher":{"@id":"https:\/\/perkinelmervietnam.vn\/#organization"},"potentialAction":[{"@type":"SearchAction","target":{"@type":"EntryPoint","urlTemplate":"https:\/\/perkinelmervietnam.vn\/?s={search_term_string}"},"query-input":"required name=search_term_string"}],"inLanguage":"en-US"},{"@type":"Organization","@id":"https:\/\/perkinelmervietnam.vn\/#organization","name":"HTI Scientific","url":"https:\/\/perkinelmervietnam.vn\/","logo":{"@type":"ImageObject","inLanguage":"en-US","@id":"https:\/\/perkinelmervietnam.vn\/#\/schema\/logo\/image\/","url":"https:\/\/perkinelmervietnam.vn\/wp-content\/uploads\/2024\/05\/favicon-logo-HTI-Group-01-1.jpg","contentUrl":"https:\/\/perkinelmervietnam.vn\/wp-content\/uploads\/2024\/05\/favicon-logo-HTI-Group-01-1.jpg","width":648,"height":617,"caption":"HTI Scientific"},"image":{"@id":"https:\/\/perkinelmervietnam.vn\/#\/schema\/logo\/image\/"}}]}},"_links":{"self":[{"href":"https:\/\/perkinelmervietnam.vn\/en\/wp-json\/wp\/v2\/product\/7446","targetHints":{"allow":["GET"]}}],"collection":[{"href":"https:\/\/perkinelmervietnam.vn\/en\/wp-json\/wp\/v2\/product"}],"about":[{"href":"https:\/\/perkinelmervietnam.vn\/en\/wp-json\/wp\/v2\/types\/product"}],"replies":[{"embeddable":true,"href":"https:\/\/perkinelmervietnam.vn\/en\/wp-json\/wp\/v2\/comments?post=7446"}],"wp:featuredmedia":[{"embeddable":true,"href":"https:\/\/perkinelmervietnam.vn\/en\/wp-json\/wp\/v2\/media\/7439"}],"wp:attachment":[{"href":"https:\/\/perkinelmervietnam.vn\/en\/wp-json\/wp\/v2\/media?parent=7446"}],"wp:term":[{"taxonomy":"product_cat","embeddable":true,"href":"https:\/\/perkinelmervietnam.vn\/en\/wp-json\/wp\/v2\/product_cat?post=7446"},{"taxonomy":"product_tag","embeddable":true,"href":"https:\/\/perkinelmervietnam.vn\/en\/wp-json\/wp\/v2\/product_tag?post=7446"}],"curies":[{"name":"wp","href":"https:\/\/api.w.org\/{rel}","templated":true}]}}